{"id":685,"date":"2022-05-20T15:55:21","date_gmt":"2022-05-20T13:55:21","guid":{"rendered":"https:\/\/pimos3b.com\/boutique\/?post_type=product&#038;p=685"},"modified":"2025-05-27T19:57:52","modified_gmt":"2025-05-27T17:57:52","slug":"extra-hot-sauce-7-pot-brain-strain-pepper-100ml-harvest-2021","status":"publish","type":"product","link":"https:\/\/pimos3b.com\/boutique\/?product=extra-hot-sauce-7-pot-brain-strain-pepper-100ml-harvest-2021","title":{"rendered":"Extra Hot Sauce 7 Pot Brain Strain Pepper &#8211; 100ml &#8211; Harvest 2021"},"content":{"rendered":"<div class=\"description\" data-v-7d6841af=\"\">\n<div data-v-7d6841af=\"\">\n<div data-v-7d6841af=\"\">\n<p class=\"description__description\" data-v-7d6841af=\"\">Chaque ann\u00e9e, nous cultivons un poivre caract\u00e9ristique dans notre petite serre \u00e0 Amsterdam. Et chaque ann\u00e9e, nous r\u00e9coltons ce poivre et produisons un seul lot de sauce piquante avec. Et puis on le mange ! Cette ann\u00e9e, nous avons fabriqu\u00e9 150 bouteilles en utilisant la fonction saison 2021 ; le poivre 7 Pot Brain Strain. C&rsquo;est un piment tr\u00e8s fort (un piment suffit pour CHAUFFER 7 pots de nourriture), m\u00e9lang\u00e9 avec de la papaye, fait une sauce tueuse. Soyez averti que celui-ci est chaud\u00a0!<br data-v-7d6841af=\"\" \/><br data-v-7d6841af=\"\" \/>Ingr\u00e9dients 7-Pot Brain Strain Chilis, Papaye, Ail, Carotte, Citron Vert, Vinaigre, Sel, Xanthum (100% v\u00e9g\u00e9talien).<br data-v-7d6841af=\"\" \/><br data-v-7d6841af=\"\" \/>Description une tr\u00e8s belle sauce tr\u00e8s piquante avec une touche de papaye<br data-v-7d6841af=\"\" \/><br data-v-7d6841af=\"\" \/>Mettez-le sur tout! Une autre saison \u00e9tonnante, en \u00e9dition limit\u00e9e \u00e0 base d&rsquo;un incroyable poivre exotique unique. Si vous l&rsquo;aimez chaud, vous obtiendrez cette souche de cerveau de 7 pots.<br data-v-7d6841af=\"\" \/><br data-v-7d6841af=\"\" \/>Chaleur tr\u00e8s \u00e9pic\u00e9e<br data-v-7d6841af=\"\" \/><br data-v-7d6841af=\"\" \/>Contenance 100 ml<br data-v-7d6841af=\"\" \/><br data-v-7d6841af=\"\" \/>El Jefe Primo Salsa, mettez-le sur tout.<\/p>\n<\/div>\n<div class=\"description\" data-v-7d6841af=\"\"><strong data-v-7d6841af=\"\">Poids net<\/strong><\/p>\n<p class=\"description__description\" data-v-7d6841af=\"\">105g<\/p>\n<\/div>\n<div class=\"description\" data-v-7d6841af=\"\"><strong data-v-7d6841af=\"\">Ingr\u00e9dients<\/strong><\/p>\n<p class=\"description__description\" data-v-7d6841af=\"\">7-Pot Brain Strain Chilis, Papaye, Ail, Carotte, Citron Vert, Vinaigre, Sel, Xanthum (100% v\u00e9g\u00e9talien)<\/p>\n<\/div>\n<\/div>\n<\/div>\n<div class=\"description__more\" data-v-7d6841af=\"\"><\/div>\n","protected":false},"excerpt":{"rendered":"<div class=\"description\" data-v-7d6841af=\"\">\n<div data-v-7d6841af=\"\">\n<div data-v-7d6841af=\"\">\n<p class=\"description__description\" data-v-7d6841af=\"\">Chaque ann\u00e9e, nous cultivons un poivre caract\u00e9ristique dans notre petite serre \u00e0 Amsterdam. Et chaque ann\u00e9e, nous r\u00e9coltons ce poivre et produisons un seul lot de sauce piquante avec. Et puis on le mange ! Cette ann\u00e9e, nous avons fabriqu\u00e9 150 bouteilles en utilisant la fonction saison 2021 ; le poivre 7 Pot Brain Strain. C&rsquo;est un piment tr\u00e8s fort (un piment suffit pour CHAUFFER 7 pots de nourriture), m\u00e9lang\u00e9 avec de la papaye, fait une sauce tueuse. Soyez averti que celui-ci est chaud\u00a0!<br data-v-7d6841af=\"\" \/><br data-v-7d6841af=\"\" \/>Ingr\u00e9dients 7-Pot Brain Strain Chilis, Papaye, Ail, Carotte, Citron Vert, Vinaigre, Sel, Xanthum (100% v\u00e9g\u00e9talien).<br data-v-7d6841af=\"\" \/><br data-v-7d6841af=\"\" \/>Description une tr\u00e8s belle sauce tr\u00e8s piquante avec une touche de papaye<br data-v-7d6841af=\"\" \/><br data-v-7d6841af=\"\" \/>Mettez-le sur tout! Une autre saison \u00e9tonnante, en \u00e9dition limit\u00e9e \u00e0 base d&rsquo;un incroyable poivre exotique unique. Si vous l&rsquo;aimez chaud, vous obtiendrez cette souche de cerveau de 7 pots.<br data-v-7d6841af=\"\" \/><br data-v-7d6841af=\"\" \/>Chaleur tr\u00e8s \u00e9pic\u00e9e<br data-v-7d6841af=\"\" \/><br data-v-7d6841af=\"\" \/>Contenance 100 ml<br data-v-7d6841af=\"\" \/><br data-v-7d6841af=\"\" \/>El Jefe Primo Salsa, mettez-le sur tout.<\/p>\n<\/div>\n<div class=\"description\" data-v-7d6841af=\"\"><strong data-v-7d6841af=\"\">Poids net<\/strong><\/p>\n<p class=\"description__description\" data-v-7d6841af=\"\">105g<\/p>\n<\/div>\n<div class=\"description\" data-v-7d6841af=\"\"><strong data-v-7d6841af=\"\">Ingr\u00e9dients<\/strong><\/p>\n<p class=\"description__description\" data-v-7d6841af=\"\">7-Pot Brain Strain Chilis, Papaye, Ail, Carotte, Citron Vert, Vinaigre, Sel, Xanthum (100% v\u00e9g\u00e9talien)<\/p>\n<\/div>\n<\/div>\n<\/div>\n<div class=\"description__more\" data-v-7d6841af=\"\"><\/div>\n","protected":false},"featured_media":686,"template":"","meta":{"_kad_post_transparent":"default","_kad_post_title":"","_kad_post_layout":"default","_kad_post_sidebar_id":"","_kad_post_content_style":"default","_kad_post_vertical_padding":"default","_kad_post_feature":"","_kad_post_feature_position":"","_kad_post_header":false,"_kad_post_footer":false,"_kad_post_classname":""},"product_brand":[],"product_cat":[38,34],"product_tag":[],"class_list":{"0":"post-685","1":"product","2":"type-product","3":"status-publish","4":"has-post-thumbnail","6":"product_cat-autour-du-piment","7":"product_cat-el-jefe-primo-salsa","9":"first","10":"instock","11":"shipping-taxable","12":"purchasable","13":"product-type-simple","14":"entry","15":"content-bg","16":"loop-entry"},"jetpack_sharing_enabled":true,"_links":{"self":[{"href":"https:\/\/pimos3b.com\/boutique\/index.php?rest_route=\/wp\/v2\/product\/685","targetHints":{"allow":["GET"]}}],"collection":[{"href":"https:\/\/pimos3b.com\/boutique\/index.php?rest_route=\/wp\/v2\/product"}],"about":[{"href":"https:\/\/pimos3b.com\/boutique\/index.php?rest_route=\/wp\/v2\/types\/product"}],"version-history":[{"count":1,"href":"https:\/\/pimos3b.com\/boutique\/index.php?rest_route=\/wp\/v2\/product\/685\/revisions"}],"predecessor-version":[{"id":1136,"href":"https:\/\/pimos3b.com\/boutique\/index.php?rest_route=\/wp\/v2\/product\/685\/revisions\/1136"}],"wp:featuredmedia":[{"embeddable":true,"href":"https:\/\/pimos3b.com\/boutique\/index.php?rest_route=\/wp\/v2\/media\/686"}],"wp:attachment":[{"href":"https:\/\/pimos3b.com\/boutique\/index.php?rest_route=%2Fwp%2Fv2%2Fmedia&parent=685"}],"wp:term":[{"taxonomy":"product_brand","embeddable":true,"href":"https:\/\/pimos3b.com\/boutique\/index.php?rest_route=%2Fwp%2Fv2%2Fproduct_brand&post=685"},{"taxonomy":"product_cat","embeddable":true,"href":"https:\/\/pimos3b.com\/boutique\/index.php?rest_route=%2Fwp%2Fv2%2Fproduct_cat&post=685"},{"taxonomy":"product_tag","embeddable":true,"href":"https:\/\/pimos3b.com\/boutique\/index.php?rest_route=%2Fwp%2Fv2%2Fproduct_tag&post=685"}],"curies":[{"name":"wp","href":"https:\/\/api.w.org\/{rel}","templated":true}]}}